{"id":173,"date":"2019-02-10T20:31:02","date_gmt":"2019-02-10T19:31:02","guid":{"rendered":"http:\/\/www.onskasteel.nl\/6-2\/"},"modified":"2024-03-29T14:34:14","modified_gmt":"2024-03-29T13:34:14","slug":"6-2","status":"publish","type":"page","link":"https:\/\/www.onskasteel.nl\/de\/","title":{"rendered":"Home"},"content":{"rendered":"<p>[vc_row][vc_column][vc_raw_js]JTNDc2NyaXB0JTIwc3JjJTNEJTIyaHR0cHMlM0ElMkYlMkZjZG4uYm9va3pvLm5sJTJGYm9va3pvLWVsZW1lbnRzJTJGYm9va3pvLWVsZW1lbnRzLmpzJTIyJTIwYXN5bmMlMjBkZWZlciUzRSUzQyUyRnNjcmlwdCUzRSUwQSUzQ3NjcmlwdCUzRSUwQSUwOXZhciUyMGJvb2t6b0VsZW1lbnRzTXVsdGlQYWdlU2V0dXAlMjAlM0QlMjAlN0IlMEElMDklMDlhcGlLZXklM0ElMjAlMjd5NWNyOGZycEdvOTMlMjclMkMlMEElMDklMDljb25maWclM0ElMjAlMjclN0IlMjJyZXN1bHRzJTIyJTNBJTdCJTIycHJlRmlsdGVycyUyMiUzQSU3QiUyMmdyb3VwSWRzJTIyJTNBJTVCMiU1RCU3RCU3RCU3RCUyNyUyQyUwQSUwOSUwOXJlc3VsdHNVcmwlM0ElMjAlMjclMkZkZSUyRnJlc3VsdGF0ZW4lMjclMkMlMEElMDklMDlvYmplY3RVcmwlM0ElMjAlMjclMkZkZSUyRm9iamVjdCUyNyUyQyUwQSUwOSUwOW9iamVjdFVybE1hcCUzQSUyMCU1QiUwQSUwOSUwOSUwOSU3QiUwQSUwOSUwOSUwOSUwOSUyRiUyRiUyME9ucyUyMEthc3RlZWwlMjA4OCUwQSUwOSUwOSUwOSUwOW9iamVjdElkJTNBJTIwNCUyQyUwQSUwOSUwOSUwOSUwOXVybCUzQSUyMCUyNyUyRmRlJTJGODgtcGVycyUyNyUwQSUwOSUwOSUwOSU3RCUyQyUwQSUwOSUwOSUwOSU3QiUwQSUwOSUwOSUwOSUwOSUyRiUyRiUyME9ucyUyMEthc3RlZWwlMjA1OSUwQSUwOSUwOSUwOSUwOW9iamVjdElkJTNBJTIwNSUyQyUwQSUwOSUwOSUwOSUwOXVybCUzQSUyMCUyNyUyRmRlJTJGNTktcGVycyUyNyUwQSUwOSUwOSUwOSU3RCUyQyUwQSUwOSUwOSUwOSU3QiUwQSUwOSUwOSUwOSUwOSUyRiUyRiUyME9ucyUyMEthc3RlZWwlMjA1MiUwQSUwOSUwOSUwOSUwOW9iamVjdElkJTNBJTIwMTIlMkMlMEElMDklMDklMDklMDl1cmwlM0ElMjAlMjclMkZkZSUyRjUyLXBlcnMlMjclMEElMDklMDklMDklN0QlMkMlMEElMDklN0IlMEElMDklMDklMDklMDklMkYlMkYlMjBLb2V0c2h1aXMlMjAyOSUwQSUwOSUwOSUwOSUwOW9iamVjdElkJTNBJTIwNiUyQyUwQSUwOSUwOSUwOSUwOXVybCUzQSUyMCUyNyUyRmRlJTJGa29ldHNodWlzLTI5LXBlcnMlMjclMEElMDklMDklMDklN0QlMEElMDklMDklNUQlMkMlMEElMDklMDlib29rVXJsJTNBJTIwJTI3JTJGZGUlMkZyZXNlcnZlcmVuJTI3JTJDJTBBJTA5JTA5Y29uZmlybWF0aW9uVXJsJTNBJTIwJTI3JTJGZGUlMkZiZXZlc3RpZ2luZyUyNyUwQSUwOSU3RCUzQiUwQSUzQyUyRnNjcmlwdCUzRQ==[\/vc_raw_js][vc_raw_html]JTNDYm9va3pvLXNlYXJjaCUyMGxhbmclM0QlMjdkZSUyNyUyMGNvbmZpZyUzRCUyNyU3QiUyMnNlYXJjaCUyMiUzQSU3QiUyMmFsbG93TXVsdGlwbGVBY2NvbW1vZGF0aW9ucyUyMiUzQWZhbHNlJTJDJTIyc2hvd0xhYmVscyUyMiUzQWZhbHNlJTJDJTIyc2hvd0lucHV0SWNvbnMlMjIlM0F0cnVlJTJDJTIyc2hvd0dyb3VwcyUyMiUzQWZhbHNlJTdEJTdEJTI3JTNFJTNDJTJGYm9va3pvLXNlYXJjaCUzRQ==[\/vc_raw_html][\/vc_column][\/vc_row][vc_row full_width=&#8220;stretch_row&#8220; css=&#8220;.vc_custom_1555484628199{background-color: #f8d2b6 !important;}&#8220;][vc_column width=&#8220;1\/2&#8243;][vc_column_text]<\/p>\n<h3><strong>Willkommen im \u201eOns Kasteel\u201c und \u201eKoetshuis\u201c<\/strong><\/h3>\n<p>\u201eOns Kasteel\u201c \u2013 der beste Ort f\u00fcr einen unvergesslichen Urlaub auf Ameland.<\/p>\n<p>Die Gruppenunterkunft \u201eOns Kasteel\u201c liegt am Rande des sch\u00f6nen Dorfes Buren. Der Strand liegt 1,5 Kilometer und das Wattenmeer 1 Kilometer von der Unterkunft entfernt. Unsere gem\u00fctlichen Unterk\u00fcnfte \u00fcberblicken Deich und Wattenmeer und bieten zudem einen\u00a0 Panoramablick auf die D\u00fcnen (Koikerd\u00fcnen).<\/p>\n<p>Die Unterkunft bietet Platz f\u00fcr Gruppen von bis zu 90 Personen. Die Unterkunft ist teilbar in die H\u00e4user \u201cOns Kasteel\u201d und \u201cKoetshuis\u201d. Im Haus \u201cOns Kasteel\u201d bieten wir Platz f\u00fcr bis zu 59 Personen, das Haus \u201cKoetshuis\u201d fasst bis zu 29 Personen. Sowohl \u201cOns Kasteel\u201d, als auch \u201cKoetshuis\u201d sind hierbei voll ausgestattet.<\/p>\n<p>\u201cOns Kasteel\u201d ist eine Gruppenunterkunft f\u00fcr jeden \u2013 auch beeintr\u00e4chtigte Menschen sind bei uns herzlich Willkommen. Haben Sie bitte Verst\u00e4ndnis, dass Haustiere bei uns nicht erlaubt sind.<\/p>\n<p>Wir hei\u00dfen Sie herzlich Willkommen,<\/p>\n<p>Marieke en Nico van Schaijk-Ketelaars[\/vc_column_text][\/vc_column][vc_column width=&#8220;1\/2&#8243;][vc_images_carousel images=&#8220;228,227,226,225,224,223,222,221,220,219,218,217,216,215,214,213,212,211,210,209,208&#8243; img_size=&#8220;full&#8220; autoplay=&#8220;yes&#8220;][\/vc_column][\/vc_row][vc_row el_id=&#8220;faciliteiten&#8220;][vc_column][vc_column_text]<\/p>\n<h1 style=\"text-align: center;\">Einrichtungen<\/h1>\n<p>[\/vc_column_text][vc_row_inner el_class=&#8220;boxFeature&#8220; css=&#8220;.vc_custom_1554555511407{margin-bottom: 0px !important;border-bottom-width: 0px !important;padding-bottom: 0px !important;}&#8220;][vc_column_inner el_class=&#8220;groepshotel&#8220; width=&#8220;1\/4&#8243; css=&#8220;.vc_custom_1554555473478{margin-bottom: 0px !important;border-bottom-width: 0px !important;padding-bottom: 0px !important;}&#8220;]<div class=\"icon_box icon_position_top no_border\"><div class=\"image_wrapper\"><img loading=\"lazy\" decoding=\"async\" src=\"https:\/\/www.onskasteel.nl\/wp-content\/uploads\/2019\/04\/groepshotel-1.jpg\" class=\"scale-with-grid\" alt=\"[:nl]groepshotel-1[:]\" width=\"81\" height=\"81\"\/><\/div><div class=\"desc_wrapper\"><h4 class=\"title\">Gruppenunterkunft<\/h4><div class=\"desc\">Die Unterkunft kann komplett f\u00fcr 90 Personen oder einzelne H\u00e4user geteilt gebucht werden!<\/p>\n<p>Optional k\u00f6nnen Sie folgende Leistungen dazubuchen:<\/p>\n<p>\u2013 Bettw\u00e4schepaket<br \/>\n\u2013 Handtuchpaket<br \/>\n\u2013 K\u00fcchent\u00fccherpaket<br \/>\n\u2013 Kinderbett<br \/>\n&#8211; Grill<\/div><\/div><\/div>\n[\/vc_column_inner][vc_column_inner el_class=&#8220;wifi&#8220; width=&#8220;1\/4&#8243; css=&#8220;.vc_custom_1554555481818{margin-bottom: 0px !important;border-bottom-width: 0px !important;padding-bottom: 0px !important;}&#8220;]<div class=\"icon_box icon_position_top no_border\"><div class=\"image_wrapper\"><img loading=\"lazy\" decoding=\"async\" src=\"https:\/\/www.onskasteel.nl\/wp-content\/uploads\/2019\/04\/wifi.jpg\" class=\"scale-with-grid\" alt=\"[:nl]wifi[:]\" width=\"81\" height=\"81\"\/><\/div><div class=\"desc_wrapper\"><h4 class=\"title\">WLAN<\/h4><div class=\"desc\">In den Gruppenunterk\u00fcnften steht Ihnen kostenfreies WLAN zur Verf\u00fcgung.<\/div><\/div><\/div>\n[\/vc_column_inner][vc_column_inner el_class=&#8220;speelweide&#8220; width=&#8220;1\/4&#8243; css=&#8220;.vc_custom_1554555487585{margin-bottom: 0px !important;border-bottom-width: 0px !important;padding-bottom: 0px !important;}&#8220;]<div class=\"icon_box icon_position_top no_border\"><div class=\"image_wrapper\"><img loading=\"lazy\" decoding=\"async\" src=\"https:\/\/www.onskasteel.nl\/wp-content\/uploads\/2019\/04\/speelweide.jpg\" class=\"scale-with-grid\" alt=\"[:nl]speelweide[:]\" width=\"81\" height=\"81\"\/><\/div><div class=\"desc_wrapper\"><h4 class=\"title\">Spielweise<\/h4><div class=\"desc\">Die Gruppenunterkunft hat eine eigene dazugeh\u00f6rige Wiese mit Kletterger\u00fcst, Schaukeln, Rutsche und Sandkasten. Ein Fu\u00df- und Volleyballfeld steht ebenfalls zur Verf\u00fcgung und wird sich mit dem Gruppenhotel \u201eDe Oranjerie\u201c geteilt.<\/div><\/div><\/div>\n[\/vc_column_inner][vc_column_inner el_class=&#8220;mindervaliden&#8220; width=&#8220;1\/4&#8243; css=&#8220;.vc_custom_1554555493001{margin-bottom: 0px !important;border-bottom-width: 0px !important;padding-bottom: 0px !important;}&#8220;]<div class=\"icon_box icon_position_top no_border\"><div class=\"image_wrapper\"><img loading=\"lazy\" decoding=\"async\" src=\"https:\/\/www.onskasteel.nl\/wp-content\/uploads\/2019\/04\/mindervalide.jpg\" class=\"scale-with-grid\" alt=\"[:nl]mindervalide[:]\" width=\"81\" height=\"81\"\/><\/div><div class=\"desc_wrapper\"><h4 class=\"title\">Beeintr\u00e4chtigte Menschen<\/h4><div class=\"desc\">Jeder Mensch ist bei uns herzlich Willkommen, deshalb legen wir gro\u00dfen Wert auf behindertengerechte Schlafzimmer. Diese befinden sich im Erdgeschoss und besitzen eine eigene Duschen und Toilette. Alle R\u00e4ume im Erdgeschoss sind gut erreichbar.<\/div><\/div><\/div>\n[\/vc_column_inner][\/vc_row_inner][vc_row_inner el_class=&#8220;boxFeature&#8220; css=&#8220;.vc_custom_1554555539508{margin-top: 0px !important;border-top-width: 0px !important;padding-top: 0px !important;}&#8220;][vc_column_inner el_class=&#8220;groepshotel&#8220; width=&#8220;1\/4&#8243;]<div class=\"icon_box icon_position_top no_border\"><div class=\"image_wrapper\"><img loading=\"lazy\" decoding=\"async\" src=\"https:\/\/www.onskasteel.nl\/wp-content\/uploads\/2019\/04\/was-en-droger.jpg\" class=\"scale-with-grid\" alt=\"[:nl]was en droger[:]\" width=\"81\" height=\"81\"\/><\/div><div class=\"desc_wrapper\"><h4 class=\"title\">Waschmaschine und Trockner<\/h4><\/div><\/div>\n[\/vc_column_inner][vc_column_inner el_class=&#8220;wifi&#8220; width=&#8220;1\/4&#8243;]<div class=\"icon_box icon_position_top no_border\"><div class=\"image_wrapper\"><img loading=\"lazy\" decoding=\"async\" src=\"https:\/\/www.onskasteel.nl\/wp-content\/uploads\/2019\/04\/honden-verboten.jpg\" class=\"scale-with-grid\" alt=\"[:nl]honden verboten[:]\" width=\"81\" height=\"81\"\/><\/div><div class=\"desc_wrapper\"><h4 class=\"title\">Haustiere sind leider nicht gestattet<\/h4><\/div><\/div>\n[\/vc_column_inner][vc_column_inner el_class=&#8220;speelweide&#8220; width=&#8220;1\/4&#8243;]<div class=\"icon_box icon_position_top no_border\"><div class=\"image_wrapper\"><img loading=\"lazy\" decoding=\"async\" src=\"https:\/\/www.onskasteel.nl\/wp-content\/uploads\/2019\/04\/parkeren.jpg\" class=\"scale-with-grid\" alt=\"[:nl]parkeren[:]\" width=\"81\" height=\"81\"\/><\/div><div class=\"desc_wrapper\"><h4 class=\"title\">Parken<\/h4><div class=\"desc\">An der Unterkunft befinden sich ausreichend Parkpl\u00e4tze f\u00fcr unsere G\u00e4ste.<\/div><\/div><\/div>\n[\/vc_column_inner][vc_column_inner el_class=&#8220;mindervaliden&#8220; width=&#8220;1\/4&#8243;][\/vc_column_inner][\/vc_row_inner][\/vc_column][\/vc_row][vc_row full_width=&#8220;stretch_row&#8220; css=&#8220;.vc_custom_1711719007499{background-color: #4c4c4c !important;}&#8220; el_id=&#8220;indeling&#8220;][vc_column][vc_column_text el_class=&#8220;wit&#8220;]<\/p>\n<h1><strong> Klassifizierung <\/strong><\/h1>\n<p>[\/vc_column_text][vc_row_inner css=&#8220;.vc_custom_1711719016329{background-color: #4c4c4c !important;}&#8220;][vc_column_inner el_class=&#8220;wit&#8220; width=&#8220;1\/2&#8243;][vc_single_image image=&#8220;43&#8243; img_size=&#8220;400&#215;400&#8243; alignment=&#8220;center&#8220; style=&#8220;vc_box_circle_2&#8243; onclick=&#8220;link_image&#8220;][vc_column_text el_class=&#8220;wit&#8220;]<\/p>\n<h4 style=\"text-align: center;\">Ons kasteel<\/h4>\n<p style=\"text-align: center;\">Im Erdgeschoss befinden sich zwei volleingerichtete K\u00fcchen: eine gro\u00dfe K\u00fcche f\u00fcr max. 90 Personen und eine kleine K\u00fcche im Vorhaus. Die K\u00fcchen werden erg\u00e4nzt durch einen Speise- und Aufenthaltsraum (Mehrzweckraum), zwei Schlafzimmer und einen zus\u00e4tzlichen Aufenthaltsraum, welcher auch f\u00fcr beeintr\u00e4chtigte Besucher zug\u00e4nglich ist. Im Haus befinden sich, ebenfalls im Erdgeschoss, drei Duschen und sechs Toiletten. Ein Wohnzimmer mit gem\u00fctlicher Sitzecke und einem Fernseher bietet die M\u00f6glichkeit zur Entspannung. Im Obergeschoss, welches durch eine Treppe von zwei Seiten zu betreten ist, befinden sich drei Zweibettzimmer, ein Dreibettzimmer, f\u00fcnf Vierbettzimmer und drei Sechsbettzimmer. Jedes Schlafzimmer verf\u00fcgt \u00fcber ein kalt\/warm Waschbecken, einen Kleiderschrank und Etagenbetten, welche mit einem Kopfkissen und einer Bettdecke versehen sind. Im Obergeschoss befinden sich zwei Duschen und zwei Toiletten.<\/p>\n<p>[\/vc_column_text][vc_column_text]<span style=\"color: #ff6600;\"><strong><u>Erdgeschoss \u201eOns Kasteel\u201c<\/u><\/strong><\/span><\/p>\n<p>Volleingerichtete gro\u00dfe K\u00fcche mit HORECA Sp\u00fclmaschine<br \/>\nSpeise- und Aufenthaltsraum (Mehrzweckraum)<br \/>\nZwei Sechsbettzimmer und\/oder Spielzimmer<br \/>\nWohnzimmer\/Leitungszimmer\/Teamzimmer mit Fernseher<br \/>\nDrei Duschen und sechs Toiletten<br \/>\nVolleingerichtete K\u00fcche<\/p>\n<p><span style=\"color: #ff6600;\"><strong><u>Obergeschoss \u201eOns Kasteel\u201c<\/u><\/strong><\/span><\/p>\n<p>Drei Sechsbettzimmer<br \/>\nF\u00fcnf Vierbettzimmer<br \/>\nEin Dreibettzimmer<br \/>\nDrei Zweibettzimmer<br \/>\nZwei Duschen und zwei Toiletten[\/vc_column_text][\/vc_column_inner][vc_column_inner el_class=&#8220;wit&#8220; width=&#8220;1\/2&#8243;][vc_single_image image=&#8220;44&#8243; img_size=&#8220;400&#215;400&#8243; alignment=&#8220;center&#8220; style=&#8220;vc_box_circle_2&#8243; onclick=&#8220;link_image&#8220;][vc_column_text el_class=&#8220;wit&#8220;]<\/p>\n<h4 style=\"text-align: center;\">Koetshuis<\/h4>\n<p style=\"text-align: center;\">Im Erdgeschoss befindet sich eine volleingerichtete K\u00fcche mit einem gro\u00dfen K\u00fchl- und Gefrierschrank. Das Badezimmer und die Toilette sind speziell f\u00fcr beeintr\u00e4chtigte Besucher angepasst. Die zwei Schlafzimmer sind f\u00fcr vier und f\u00fcnf Personen vorgesehen. Auch hier gibt es Einzel- und Etagenbetten. Des Weiteren finden Sie einen Speise- und Aufenthaltsraum (Mehrzweckraum) mit gem\u00fctlicher Sitzecke und einem Fernseher. Ein Spielzimmer verf\u00fcgt \u00fcber eine Tischtennisplatte und einen Tischfu\u00dfball (Kicker).<\/p>\n<p style=\"text-align: center;\">Im Obergeschoss befinden sich zwei Zweibettzimmer, zwei Vierbettzimmer und ein Schlafraum f\u00fcr acht Personen. Die Zweibettzimmer sind mit Boxspringbetten versehen. Alle Betten besitzen Kissen und Bettdecken.<\/p>\n<p>[\/vc_column_text][vc_column_text]<span style=\"color: #ff6600;\"><strong><u>Erdgeschoss \u201eKoetshuis\u201c<\/u><\/strong><\/span><\/p>\n<p>Speise- und Aufenthaltsraum (Mehrzweckraum) mit Sitzecke und Fernseher<br \/>\nSpielzimmer mit Tischtennisplatte und Tischfu\u00dfball (Kicker)<br \/>\nEin Vierbettzimmer<br \/>\nEin F\u00fcnfbettzimmer<br \/>\nDrei Toiletten und eine Dusche<\/p>\n<p><span style=\"color: #ff6600;\"><strong><u>Obergeschoss \u201eKoetshuis\u201c<\/u><\/strong><\/span><\/p>\n<p>Ein Achtbettzimmer<br \/>\nZwei Vierbettzimmer<br \/>\nZwei Zweibettzimmer<br \/>\nZwei Toiletten und eine Dusche[\/vc_column_text][\/vc_column_inner][\/vc_row_inner][\/vc_column][\/vc_row][vc_row el_id=&#8220;plattegrond&#8220;][vc_column][vc_column_text]<\/p>\n<h1 style=\"text-align: center;\">Grundriss<\/h1>\n<p>[\/vc_column_text][vc_row_inner][vc_column_inner width=&#8220;1\/2&#8243;][vc_single_image image=&#8220;236&#8243; img_size=&#8220;full&#8220; alignment=&#8220;center&#8220; onclick=&#8220;link_image&#8220;][\/vc_column_inner][vc_column_inner width=&#8220;1\/2&#8243;][vc_single_image image=&#8220;237&#8243; img_size=&#8220;full&#8220; alignment=&#8220;center&#8220; onclick=&#8220;link_image&#8220;][\/vc_column_inner][\/vc_row_inner][vc_row_inner equal_height=&#8220;yes&#8220; content_placement=&#8220;middle&#8220;][vc_column_inner width=&#8220;1\/4&#8243;][\/vc_column_inner][vc_column_inner width=&#8220;1\/4&#8243;][vc_column_text]<\/p>\n<h1><img loading=\"lazy\" decoding=\"async\" class=\"alignnone wp-image-191\" src=\"http:\/\/www.onskasteel.nl\/wp-content\/uploads\/2019\/04\/ons-kasteel.jpg\" alt=\"\" width=\"22\" height=\"22\" srcset=\"https:\/\/www.onskasteel.nl\/wp-content\/uploads\/2019\/04\/ons-kasteel.jpg 300w, https:\/\/www.onskasteel.nl\/wp-content\/uploads\/2019\/04\/ons-kasteel-150x150.jpg 150w, https:\/\/www.onskasteel.nl\/wp-content\/uploads\/2019\/04\/ons-kasteel-146x146.jpg 146w, https:\/\/www.onskasteel.nl\/wp-content\/uploads\/2019\/04\/ons-kasteel-50x50.jpg 50w, https:\/\/www.onskasteel.nl\/wp-content\/uploads\/2019\/04\/ons-kasteel-75x75.jpg 75w, https:\/\/www.onskasteel.nl\/wp-content\/uploads\/2019\/04\/ons-kasteel-85x85.jpg 85w, https:\/\/www.onskasteel.nl\/wp-content\/uploads\/2019\/04\/ons-kasteel-80x80.jpg 80w\" sizes=\"auto, (max-width: 22px) 100vw, 22px\" \/>\u00a0Ons kasteel<\/h1>\n<p>[\/vc_column_text][\/vc_column_inner][vc_column_inner width=&#8220;1\/4&#8243;][vc_column_text]<\/p>\n<h1><img loading=\"lazy\" decoding=\"async\" class=\"alignnone wp-image-190 \" src=\"http:\/\/www.onskasteel.nl\/wp-content\/uploads\/2019\/04\/koetshuis.jpg\" alt=\"\" width=\"22\" height=\"22\" srcset=\"https:\/\/www.onskasteel.nl\/wp-content\/uploads\/2019\/04\/koetshuis.jpg 300w, https:\/\/www.onskasteel.nl\/wp-content\/uploads\/2019\/04\/koetshuis-150x150.jpg 150w, https:\/\/www.onskasteel.nl\/wp-content\/uploads\/2019\/04\/koetshuis-146x146.jpg 146w, https:\/\/www.onskasteel.nl\/wp-content\/uploads\/2019\/04\/koetshuis-50x50.jpg 50w, https:\/\/www.onskasteel.nl\/wp-content\/uploads\/2019\/04\/koetshuis-75x75.jpg 75w, https:\/\/www.onskasteel.nl\/wp-content\/uploads\/2019\/04\/koetshuis-85x85.jpg 85w, https:\/\/www.onskasteel.nl\/wp-content\/uploads\/2019\/04\/koetshuis-80x80.jpg 80w\" sizes=\"auto, (max-width: 22px) 100vw, 22px\" \/>\u00a0Koetshuis<\/h1>\n<p>[\/vc_column_text][\/vc_column_inner][vc_column_inner width=&#8220;1\/4&#8243;][\/vc_column_inner][\/vc_row_inner][\/vc_column][\/vc_row][vc_row full_width=&#8220;stretch_row&#8220; el_id=&#8220;Locatie&#8220; el_class=&#8220;sectionPadding bgk bgk1&#8243; css=&#8220;.vc_custom_1482264365301{background-color: #383838 !important;}&#8220;][vc_column width=&#8220;7\/12&#8243; el_class=&#8220;location&#8220;][vc_column_text el_class=&#8220;infoBox&#8220;]<\/p>\n<h3><span style=\"color: #ffffff;\">Lage und Umgebung<span class=\"mh-sp\">&amp;\u00a0in de buurt<\/span><\/span><\/h3>\n<p><span style=\"color: #ffffff;\">Die Gruppenunterk\u00fcnfte \u201eOns Kasteel\u201c und \u201eKoetshuis\u201c befinden sich im kleinen Dorf Buren auf der \u00f6stlichen Seite Amelands. Innerhalb weniger Gehminuten erreichen Sie das Wattenmeer und den Strand.<\/span>[\/vc_column_text][vc_row_inner][vc_column_inner el_class=&#8220;box&#8220; width=&#8220;1\/2&#8243;][vc_icon icon_fontawesome=&#8220;fa fa-sun-o&#8220; color=&#8220;white&#8220; size=&#8220;lg&#8220; align=&#8220;center&#8220;][vc_column_text]<\/p>\n<h4 style=\"text-align: center;\"><span style=\"color: #ffffff;\">Strand<\/span><\/h4>\n<p style=\"text-align: center;\"><span style=\"color: #ffffff;\">Na 1,8 kilometer bent u op het hoofdstrand van Buren. In het net nieuwe strand paviljoen kunt u\u00a0genieten van een heerlijk kopje koffie.<\/span><\/p>\n<p>[\/vc_column_text][\/vc_column_inner][vc_column_inner el_class=&#8220;box top0&#8243; width=&#8220;1\/2&#8243;][vc_icon icon_fontawesome=&#8220;fa fa-diamond&#8220; color=&#8220;white&#8220; size=&#8220;lg&#8220; align=&#8220;center&#8220;][vc_column_text]<\/p>\n<h4 style=\"text-align: center;\"><span style=\"color: #ffffff;\">Werelderfgoed \u2019t Wad<\/span><\/h4>\n<p style=\"text-align: center;\"><span style=\"color: #ffffff;\">Op 1,1 kilometer vindt u het Unesco Wereld erfgoed de Wadden. Een prachtig stukje natuur wat zeker de moeite waard is om te kijken.<\/span><\/p>\n<p>[\/vc_column_text][\/vc_column_inner][\/vc_row_inner][vc_row_inner][vc_column_inner el_class=&#8220;box top1&#8243; width=&#8220;1\/2&#8243;][vc_icon icon_fontawesome=&#8220;fa fa-shopping-basket&#8220; color=&#8220;white&#8220; size=&#8220;lg&#8220; align=&#8220;center&#8220;][vc_column_text]<\/p>\n<h4 style=\"text-align: center;\"><span style=\"color: #ffffff;\">Supermarkt<\/span><\/h4>\n<p style=\"text-align: center;\"><span style=\"color: #ffffff;\">Op 350 meter zit een kleine supermarkt.\u00a0Na 2,2 kilometer vindt u de Jumbo.<\/span><\/p>\n<p>[\/vc_column_text][\/vc_column_inner][vc_column_inner el_class=&#8220;box top2&#8243; width=&#8220;1\/2&#8243;][vc_icon icon_fontawesome=&#8220;fa fa-fort-awesome&#8220; color=&#8220;white&#8220; size=&#8220;lg&#8220; align=&#8220;center&#8220;][vc_column_text]<\/p>\n<h4 style=\"text-align: center;\"><span style=\"color: #ffffff;\">Recreatie de Vleyen<\/span><\/h4>\n<p style=\"text-align: center;\"><span style=\"color: #ffffff;\">Op 1,8 kilometer van de Oranjerie ligt het natuur en recreatie gebied de Vleyen. Voor een heerlijke ontspannen dag genieten van rust, sport en spel.<\/span><\/p>\n<p>[\/vc_column_text][\/vc_column_inner][\/vc_row_inner][\/vc_column][vc_column width=&#8220;1\/3&#8243;][\/vc_column][vc_column width=&#8220;5\/12&#8243;][vc_gmaps link=&#8220;#E-8_JTNDaWZyYW1lJTIwc3JjJTNEJTIyaHR0cHMlM0ElMkYlMkZ3d3cuZ29vZ2xlLmNvbSUyRm1hcHMlMkZlbWJlZCUzRnBiJTNEJTIxMW0xOCUyMTFtMTIlMjExbTMlMjExZDYwNi44ODA1ODYyMTI4NDcyJTIxMmQ1LjgwMjY5ODMxMzU0MTc5OCUyMTNkNTMuNDQ3MTU5OTEzNjM4MjQ1JTIxMm0zJTIxMWYwJTIxMmYwJTIxM2YwJTIxM20yJTIxMWkxMDI0JTIxMmk3NjglMjE0ZjEzLjElMjEzbTMlMjExbTIlMjExczB4MCUyNTNBMHg4OTM0OTM1ODU0MTc4N2FmJTIxMnNPbnMlMkJLYXN0ZWVsJTJCS29ldHNodWlzJTIxNWUwJTIxM20yJTIxMXNubCUyMTJzbmwlMjE0djE1NTQ1NTQwOTExMDAlMjE1bTIlMjExc25sJTIxMnNubCUyMiUyMHdpZHRoJTNEJTIyNjAwJTIyJTIwaGVpZ2h0JTNEJTIyNDUwJTIyJTIwZnJhbWVib3JkZXIlM0QlMjIwJTIyJTIwc3R5bGUlM0QlMjJib3JkZXIlM0EwJTIyJTIwYWxsb3dmdWxsc2NyZWVuJTNFJTNDJTJGaWZyYW1lJTNF&#8220;][\/vc_column][vc_column offset=&#8220;vc_col-xs-11&#8243;][vc_row_inner el_id=&#8220;contact&#8220; css=&#8220;.vc_custom_1452603585684{margin-top: 60px !important;}&#8220;][vc_column_inner width=&#8220;1\/2&#8243;][vc_column_text el_class=&#8220;infoBox&#8220;]<\/p>\n<h3><span style=\"color: #ffffff;\">Contactgegevens\u00a0<\/span><\/h3>\n<p><span style=\"color: #d2d2d2;\">Familie\u00a0van Schaijk \u2013 Ketelaars<\/span><\/p>\n<p><span style=\"color: #d2d2d2;\">T. Boelensweg 9-11<\/span><br \/>\n<span style=\"color: #d2d2d2;\">9164 KP Buren<\/span><br \/>\n<span style=\"color: #d2d2d2;\">Tel: 0519-542189<\/span><br \/>\n<span style=\"color: #d2d2d2;\">Mob: 0657344436<\/span><\/p>\n<p><span style=\"color: #d2d2d2;\">E-mail: <a href=\"mailto:info@onskasteel.nl\">info@onskasteel.nl <\/a><\/span>[\/vc_column_text][\/vc_column_inner][vc_column_inner width=&#8220;1\/2&#8243;]\n<div class=\"wpcf7 no-js\" id=\"wpcf7-f267-o1\" lang=\"en-US\" dir=\"ltr\" data-wpcf7-id=\"267\">\n<div class=\"screen-reader-response\"><p role=\"status\" aria-live=\"polite\" aria-atomic=\"true\"><\/p> <ul><\/ul><\/div>\n<form action=\"\/de\/wp-json\/wp\/v2\/pages\/173#wpcf7-f267-o1\" method=\"post\" class=\"wpcf7-form init\" aria-label=\"Contact form\" novalidate=\"novalidate\" data-status=\"init\">\n<div style=\"display: none;\">\n<input type=\"hidden\" name=\"_wpcf7\" value=\"267\" \/>\n<input type=\"hidden\" name=\"_wpcf7_version\" value=\"6.0.2\" \/>\n<input type=\"hidden\" name=\"_wpcf7_locale\" value=\"en_US\" \/>\n<input type=\"hidden\" name=\"_wpcf7_unit_tag\" value=\"wpcf7-f267-o1\" \/>\n<input type=\"hidden\" name=\"_wpcf7_container_post\" value=\"0\" \/>\n<input type=\"hidden\" name=\"_wpcf7_posted_data_hash\" value=\"\" \/>\n<input type=\"hidden\" name=\"_wpcf7_recaptcha_response\" value=\"\" \/>\n<\/div>\n<p><br \/>\n<span class=\"wpcf7-form-control-wrap\" data-name=\"your-name\"><input size=\"40\" maxlength=\"400\" class=\"wpcf7-form-control wpcf7-text wpcf7-validates-as-required\" aria-required=\"true\" aria-invalid=\"false\" value=\"Uw naam...\" type=\"text\" name=\"your-name\" \/><\/span>\n<\/p>\n<p><span class=\"wpcf7-form-control-wrap\" data-name=\"your-email\"><input size=\"40\" maxlength=\"400\" class=\"wpcf7-form-control wpcf7-email wpcf7-validates-as-required wpcf7-text wpcf7-validates-as-email\" aria-required=\"true\" aria-invalid=\"false\" value=\"Uw email adres...\" type=\"email\" name=\"your-email\" \/><\/span>\n<\/p>\n<p><span class=\"wpcf7-form-control-wrap\" data-name=\"your-message\"><textarea cols=\"40\" rows=\"10\" maxlength=\"2000\" class=\"wpcf7-form-control wpcf7-textarea\" aria-invalid=\"false\" name=\"your-message\">Uw bericht...<\/textarea><\/span>\n<\/p>\n<p><input class=\"wpcf7-form-control wpcf7-submit has-spinner\" type=\"submit\" value=\"Verzenden\" \/>\n<\/p><div class=\"wpcf7-response-output\" aria-hidden=\"true\"><\/div>\n<\/form>\n<\/div>\n[\/vc_column_inner][\/vc_row_inner][\/vc_column][\/vc_row]<\/p>\n","protected":false},"excerpt":{"rendered":"<p>[vc_row][vc_column][vc_raw_js]JTNDc2NyaXB0JTIwc3JjJTNEJTIyaHR0cHMlM0ElMkYlMkZjZG4uYm9va3pvLm5sJTJGYm9va3pvLWVsZW1lbnRzJTJGYm9va3pvLWVsZW1lbnRzLmpzJTIyJTIwYXN5bmMlMjBkZWZlciUzRSUzQyUyRnNjcmlwdCUzRSUwQSUzQ3NjcmlwdCUzRSUwQSUwOXZhciUyMGJvb2t6b0VsZW1lbnRzTXVsdGlQYWdlU2V0dXAlMjAlM0QlMjAlN0IlMEElMDklMDlhcGlLZXklM0ElMjAlMjd5NWNyOGZycEdvOTMlMjclMkMlMEElMDklMDljb25maWclM0ElMjAlMjclN0IlMjJyZXN1bHRzJTIyJTNBJTdCJTIycHJlRmlsdGVycyUyMiUzQSU3QiUyMmdyb3VwSWRzJTIyJTNBJTVCMiU1RCU3RCU3RCU3RCUyNyUyQyUwQSUwOSUwOXJlc3VsdHNVcmwlM0ElMjAlMjclMkZkZSUyRnJlc3VsdGF0ZW4lMjclMkMlMEElMDklMDlvYmplY3RVcmwlM0ElMjAlMjclMkZkZSUyRm9iamVjdCUyNyUyQyUwQSUwOSUwOW9iamVjdFVybE1hcCUzQSUyMCU1QiUwQSUwOSUwOSUwOSU3QiUwQSUwOSUwOSUwOSUwOSUyRiUyRiUyME9ucyUyMEthc3RlZWwlMjA4OCUwQSUwOSUwOSUwOSUwOW9iamVjdElkJTNBJTIwNCUyQyUwQSUwOSUwOSUwOSUwOXVybCUzQSUyMCUyNyUyRmRlJTJGODgtcGVycyUyNyUwQSUwOSUwOSUwOSU3RCUyQyUwQSUwOSUwOSUwOSU3QiUwQSUwOSUwOSUwOSUwOSUyRiUyRiUyME9ucyUyMEthc3RlZWwlMjA1OSUwQSUwOSUwOSUwOSUwOW9iamVjdElkJTNBJTIwNSUyQyUwQSUwOSUwOSUwOSUwOXVybCUzQSUyMCUyNyUyRmRlJTJGNTktcGVycyUyNyUwQSUwOSUwOSUwOSU3RCUyQyUwQSUwOSUwOSUwOSU3QiUwQSUwOSUwOSUwOSUwOSUyRiUyRiUyME9ucyUyMEthc3RlZWwlMjA1MiUwQSUwOSUwOSUwOSUwOW9iamVjdElkJTNBJTIwMTIlMkMlMEElMDklMDklMDklMDl1cmwlM0ElMjAlMjclMkZkZSUyRjUyLXBlcnMlMjclMEElMDklMDklMDklN0QlMkMlMEElMDklN0IlMEElMDklMDklMDklMDklMkYlMkYlMjBLb2V0c2h1aXMlMjAyOSUwQSUwOSUwOSUwOSUwOW9iamVjdElkJTNBJTIwNiUyQyUwQSUwOSUwOSUwOSUwOXVybCUzQSUyMCUyNyUyRmRlJTJGa29ldHNodWlzLTI5LXBlcnMlMjclMEElMDklMDklMDklN0QlMEElMDklMDklNUQlMkMlMEElMDklMDlib29rVXJsJTNBJTIwJTI3JTJGZGUlMkZyZXNlcnZlcmVuJTI3JTJDJTBBJTA5JTA5Y29uZmlybWF0aW9uVXJsJTNBJTIwJTI3JTJGZGUlMkZiZXZlc3RpZ2luZyUyNyUwQSUwOSU3RCUzQiUwQSUzQyUyRnNjcmlwdCUzRQ==[\/vc_raw_js][vc_raw_html]JTNDYm9va3pvLXNlYXJjaCUyMGxhbmclM0QlMjdkZSUyNyUyMGNvbmZpZyUzRCUyNyU3QiUyMnNlYXJjaCUyMiUzQSU3QiUyMmFsbG93TXVsdGlwbGVBY2NvbW1vZGF0aW9ucyUyMiUzQWZhbHNlJTJDJTIyc2hvd0xhYmVscyUyMiUzQWZhbHNlJTJDJTIyc2hvd0lucHV0SWNvbnMlMjIlM0F0cnVlJTJDJTIyc2hvd0dyb3VwcyUyMiUzQWZhbHNlJTdEJTdEJTI3JTNFJTNDJTJGYm9va3pvLXNlYXJjaCUzRQ==[\/vc_raw_html][\/vc_column][\/vc_row][vc_row full_width=&#8220;stretch_row&#8220; css=&#8220;.vc_custom_1555484628199{background-color: #f8d2b6 !important;}&#8220;][vc_column width=&#8220;1\/2&#8243;][vc_column_text] Willkommen im \u201eOns Kasteel\u201c und \u201eKoetshuis\u201c \u201eOns Kasteel\u201c \u2013 der beste Ort f\u00fcr einen unvergesslichen Urlaub auf Ameland. Die Gruppenunterkunft<span class=\"excerpt-hellip\"> [\u2026]<\/span><\/p>\n","protected":false},"author":1,"featured_media":0,"parent":0,"menu_order":0,"comment_status":"closed","ping_status":"closed","template":"","meta":{"footnotes":""},"class_list":["post-173","page","type-page","status-publish","hentry"],"_links":{"self":[{"href":"https:\/\/www.onskasteel.nl\/de\/wp-json\/wp\/v2\/pages\/173","targetHints":{"allow":["GET"]}}],"collection":[{"href":"https:\/\/www.onskasteel.nl\/de\/wp-json\/wp\/v2\/pages"}],"about":[{"href":"https:\/\/www.onskasteel.nl\/de\/wp-json\/wp\/v2\/types\/page"}],"author":[{"embeddable":true,"href":"https:\/\/www.onskasteel.nl\/de\/wp-json\/wp\/v2\/users\/1"}],"replies":[{"embeddable":true,"href":"https:\/\/www.onskasteel.nl\/de\/wp-json\/wp\/v2\/comments?post=173"}],"version-history":[{"count":28,"href":"https:\/\/www.onskasteel.nl\/de\/wp-json\/wp\/v2\/pages\/173\/revisions"}],"predecessor-version":[{"id":383,"href":"https:\/\/www.onskasteel.nl\/de\/wp-json\/wp\/v2\/pages\/173\/revisions\/383"}],"wp:attachment":[{"href":"https:\/\/www.onskasteel.nl\/de\/wp-json\/wp\/v2\/media?parent=173"}],"curies":[{"name":"wp","href":"https:\/\/api.w.org\/{rel}","templated":true}]}}