{"id":369,"date":"2024-03-29T12:58:57","date_gmt":"2024-03-29T11:58:57","guid":{"rendered":"https:\/\/www.onskasteel.nl\/huisregels\/"},"modified":"2025-08-21T15:35:12","modified_gmt":"2025-08-21T13:35:12","slug":"huisregels","status":"publish","type":"page","link":"https:\/\/www.onskasteel.nl\/de\/huisregels\/","title":{"rendered":"Hausregeln"},"content":{"rendered":"<p style=\"font-weight: 400;\">Unser Unternehmen besteht aus drei Unterk\u00fcnften, dem \u201eOns Kasteel\u201c, \u201eHet Koetshuis\u201c und<\/p>\n<p style=\"font-weight: 400;\">\u201eDe Oranjerie\u201c, welche auch in Teilen gemietet werden k\u00f6nnen.<\/p>\n<p style=\"font-weight: 400;\">In der Regel sind mehrere G\u00e4ste anwesend. Wir konzentrieren uns haupts\u00e4chlich auf<\/p>\n<p style=\"font-weight: 400;\">Familien und Familien mit Kindern. Um Ihren Aufenthalt in \u201eDe Oranjerie\u201c f\u00fcr alle so<\/p>\n<p style=\"font-weight: 400;\">angenehm wie m\u00f6glich zu gestalten, haben wir einige Hausregeln aufgestellt.<\/p>\n<ol>\n<li style=\"font-weight: 400;\">Haustiere<\/li>\n<\/ol>\n<p style=\"font-weight: 400;\">Haustiere sind auf unserem Gel\u00e4nde und in den Geb\u00e4uden leider nicht gestattet.<\/p>\n<ol start=\"2\">\n<li style=\"font-weight: 400;\">Rauchen<\/li>\n<\/ol>\n<p style=\"font-weight: 400;\">Alle Unterk\u00fcnfte sind Nichtraucherunterk\u00fcnfte.<\/p>\n<ol start=\"3\">\n<li style=\"font-weight: 400;\">Musik<\/li>\n<\/ol>\n<p style=\"font-weight: 400;\">Um Bel\u00e4stigungen zu vermeiden, sind Musikanlagen im Freien nicht gestattet. Musik im<\/p>\n<p style=\"font-weight: 400;\">Innenbereich ist erlaubt, sofern keine Bel\u00e4stigung f\u00fcr andere entsteht.<\/p>\n<ol start=\"4\">\n<li style=\"font-weight: 400;\">Feuer<\/li>\n<\/ol>\n<p style=\"font-weight: 400;\">Lagerfeuer sind auf dem gesamten Gel\u00e4nde nicht gestattet.<\/p>\n<ol start=\"5\">\n<li style=\"font-weight: 400;\">Besuch<\/li>\n<\/ol>\n<p style=\"font-weight: 400;\">Sollten einmal G\u00e4ste vorbeikommen, sind diese herzlich willkommen. Wir bitten vor deren<\/p>\n<p style=\"font-weight: 400;\">Ankunft um eine Anmeldung bei uns. Eine \u00dcbernachtung des (Tages-)Besuchers ohne<\/p>\n<p style=\"font-weight: 400;\">R\u00fccksprache ist nicht gestattet.<\/p>\n<p style=\"font-weight: 400;\">Die Unterk\u00fcnfte dienen ausschlie\u00dflich Erholungszwecken und d\u00fcrfen nicht zweckentfremdet<\/p>\n<p style=\"font-weight: 400;\">werden. Sie sind beispielsweise nicht f\u00fcr das Feiern von Partys etc. im weitesten Sinne gedacht.<\/p>\n<p style=\"font-weight: 400;\">Trunkenheit\/Drogenkonsum wird nicht toleriert.<\/p>\n<ol start=\"7\">\n<li style=\"font-weight: 400;\">M\u00f6bel<\/li>\n<\/ol>\n<p style=\"font-weight: 400;\">Das Mitnehmen von Innenm\u00f6beln, Kissen\/Accessoires nach drau\u00dfen ist nicht gestattet.<\/p>\n<p style=\"font-weight: 400;\">Wenn Sie die Unterkunft verlassen, legen Sie bitte die Bettw\u00e4sche und Handt\u00fccher im Flur<\/p>\n<p style=\"font-weight: 400;\">ab.<\/p>\n<ol start=\"8\">\n<li style=\"font-weight: 400;\">Abreise<\/li>\n<\/ol>\n<p style=\"font-weight: 400;\">Sie m\u00fcssen die Unterkunft bis 10:00 Uhr r\u00e4umen. Bei der Abreise m\u00fcssen die Sp\u00fclmaschine<\/p>\n<p style=\"font-weight: 400;\">geleert und alle Abfallbeh\u00e4lter geleert werden. Der Abfall wird in den entsprechenden<\/p>\n<p style=\"font-weight: 400;\">Beh\u00e4ltern entsorgt. Leere Flaschen k\u00f6nnen Sie in den Flaschencontainer werfen. Bitte hinterlassen Sie die Unterkunft besenrein.<\/p>\n<ol start=\"9\">\n<li style=\"font-weight: 400;\">Raclette\/Fondue<\/li>\n<\/ol>\n<p style=\"font-weight: 400;\">Zu Ihrer Sicherheit verf\u00fcgen wir in allen Unterk\u00fcnften \u00fcber Rauchmelder. Aus diesem Grund<\/p>\n<p style=\"font-weight: 400;\">ist das Frittieren oder Raclette\/Fonduen im Innenbereich nicht gestattet. M\u00f6glich ist (mit der<\/p>\n<p style=\"font-weight: 400;\">n\u00f6tigen Vorsicht) das Grillen auf der eigenen Terrasse.<\/p>\n<p style=\"font-weight: 400;\">Bei Nichteinhaltung dieser Regeln behalten wir uns das Recht vor, Ma\u00dfnahmen zu ergreifen.<\/p>\n<p style=\"font-weight: 400;\">Wir w\u00fcnschen Ihnen einen angenehmen Aufenthalt in einem<\/p>\n<p style=\"font-weight: 400;\">unserer Unterk\u00fcnfte und danken Ihnen f\u00fcr Ihre Kooperation und Ihr Verst\u00e4ndnis. Bei Fragen<\/p>\n<p style=\"font-weight: 400;\">k\u00f6nnen Sie sich jederzeit an uns wenden.<\/p>\n<p style=\"font-weight: 400;\">F\u00fcr alle unsere Reservierungen gelten die<\/p>\n<p style=\"font-weight: 400;\">Allgemeinen Gesch\u00e4ftsbedingungen. Wir empfehlen Ihnen, dies sorgf\u00e4ltig zu lesen.<\/p>\n<ol start=\"10\">\n<li style=\"font-weight: 400;\">Elektrisches Laden<\/li>\n<\/ol>\n<p style=\"font-weight: 400;\">Es ist nicht erlaubt, Elektrofahrzeuge zu laden<\/p>\n","protected":false},"excerpt":{"rendered":"<p>Unser Unternehmen besteht aus drei Unterk\u00fcnften, dem \u201eOns Kasteel\u201c, \u201eHet Koetshuis\u201c und \u201eDe Oranjerie\u201c, welche auch in Teilen gemietet werden k\u00f6nnen. In der Regel sind mehrere<span class=\"excerpt-hellip\"> [\u2026]<\/span><\/p>\n","protected":false},"author":3,"featured_media":0,"parent":0,"menu_order":0,"comment_status":"closed","ping_status":"closed","template":"","meta":{"footnotes":""},"class_list":["post-369","page","type-page","status-publish","hentry"],"_links":{"self":[{"href":"https:\/\/www.onskasteel.nl\/de\/wp-json\/wp\/v2\/pages\/369","targetHints":{"allow":["GET"]}}],"collection":[{"href":"https:\/\/www.onskasteel.nl\/de\/wp-json\/wp\/v2\/pages"}],"about":[{"href":"https:\/\/www.onskasteel.nl\/de\/wp-json\/wp\/v2\/types\/page"}],"author":[{"embeddable":true,"href":"https:\/\/www.onskasteel.nl\/de\/wp-json\/wp\/v2\/users\/3"}],"replies":[{"embeddable":true,"href":"https:\/\/www.onskasteel.nl\/de\/wp-json\/wp\/v2\/comments?post=369"}],"version-history":[{"count":6,"href":"https:\/\/www.onskasteel.nl\/de\/wp-json\/wp\/v2\/pages\/369\/revisions"}],"predecessor-version":[{"id":451,"href":"https:\/\/www.onskasteel.nl\/de\/wp-json\/wp\/v2\/pages\/369\/revisions\/451"}],"wp:attachment":[{"href":"https:\/\/www.onskasteel.nl\/de\/wp-json\/wp\/v2\/media?parent=369"}],"curies":[{"name":"wp","href":"https:\/\/api.w.org\/{rel}","templated":true}]}}